{"id":4156,"date":"2017-05-22T11:57:54","date_gmt":"2017-05-22T09:57:54","guid":{"rendered":"https:\/\/www.mapia-technologies.com\/nosotros\/"},"modified":"2024-05-24T16:59:52","modified_gmt":"2024-05-24T14:59:52","slug":"about-us-mapia-technologies","status":"publish","type":"page","link":"https:\/\/www.mapia-technologies.com\/en\/about-us-mapia-technologies","title":{"rendered":"About us"},"content":{"rendered":"<p>ABOUT US<\/p>\n\t<p>For more than 20 years, Mapia Technologies has participated in the improvement of all processes related to territory management. The project that we started then currently has more than 30 highly qualified professionals.<\/p>\n\t<p>We offer specialized solutions in all branches of Territory Engineering. We focus our activities on Data Services, Mapping, IT Solutions and 4.0 Industry. Our multiple clients, both in the public and private sectors, confirm our ability to deal with highly complex cases in an agile and efficient way.<\/p>\n<p>Our departments offer the best solutions for the various projects that are presented to us. We are committed to quality and innovation, thus facing the new challenges of the future.<\/p>\n<p>All our activity is aimed at maximizing the potential of our clients&#8217; spatial and textual data, for whom we create data models with accessibility and interoperability criteria.<\/p>\n\t\t\t\t<img loading=\"lazy\" decoding=\"async\" src=\"https:\/\/www.mapia-technologies.com\/wp-content\/uploads\/2023\/05\/connect_0009s_0000_mapping_1.jpg\" alt=\"connect_0009s_0000_mapping_1\" itemprop=\"image\" height=\"400\" width=\"700\" title=\"connect_0009s_0000_mapping_1\" onerror=\"this.style.display='none'\"  \/>\n\t\t\t\t<img loading=\"lazy\" decoding=\"async\" src=\"https:\/\/www.mapia-technologies.com\/wp-content\/uploads\/2023\/08\/header_indutry_nosaltres.jpeg\" alt=\"header_indutry_nosaltres\" itemprop=\"image\" height=\"420\" width=\"840\" title=\"header_indutry_nosaltres\" onerror=\"this.style.display='none'\"  \/>\n\t\t\t\t<img loading=\"lazy\" decoding=\"async\" src=\"https:\/\/www.mapia-technologies.com\/wp-content\/uploads\/2023\/08\/header_mapping.jpeg\" alt=\"header_mapping\" itemprop=\"image\" height=\"420\" width=\"840\" title=\"header_mapping\" onerror=\"this.style.display='none'\"  \/>\n<h3>\n\t\tMISSION\n\t<\/h3>\n\t<p>Respond with innovation and excellence to the needs of gathering and analyzing geospatial information of public and private agents involved in the territory&#8217;s organization, management and transformation.<\/p>\n<h3>\n\t\tVISION\n\t<\/h3>\n\t<p>Being a benchmark company in the field of geospatial information.<\/p>\n<h3>\n\t\tVALUES\n\t<\/h3>\n\t<p>Respond with innovation and excellence to the needs of gathering and analyzing geospatial information of public and private agents involved in the territory&#8217;s organization, management and transformation.<\/p>\n\t<p>We transfer the objectivity of the approaches and content generated throughout our history to our clients through consulting and training and we accompany them in the definition and achievement of their objectives.<\/ span><\/p>\n<p>We have experts with the certifications, technical qualifications and specific training in each of the different areas of acitvitat to be able to offer the most appropriate solution to the client&#8217;s needs.<\/p>\n<p>It is our desire to support rigor in processes, cost efficiency, improved competitiveness, innovation and the quality of products and services in the geospatial information that our clients use.<\/p>\n\t\t\t<a href=\"https:\/\/www.mapia-technologies.com\/en\/contact\/\" target=\"_self\" rel=\"noopener\">\n\t\t\t\t\t\t\tCONTACT US\n\t\t\t\t\t<\/a>\n\t<p>Some of our main clients are:<\/p>\n\t\t\t\t<img loading=\"lazy\" decoding=\"async\" src=\"https:\/\/www.mapia-technologies.com\/wp-content\/uploads\/2023\/04\/santcugat.png\" alt=\"Logo Ajuntament de Sant Cugat\" itemprop=\"image\" height=\"100\" width=\"240\" title=\"Logo Ajuntament de Sant Cugat\" onerror=\"this.style.display='none'\"  \/>\n\t\t\t\t<img loading=\"lazy\" decoding=\"async\" src=\"https:\/\/www.mapia-technologies.com\/wp-content\/uploads\/2023\/04\/reus.png\" alt=\"Logo Ajuntament de Reus\" itemprop=\"image\" height=\"100\" width=\"240\" title=\"Logo Ajuntament de Reus\" onerror=\"this.style.display='none'\"  \/>\n\t\t\t\t<img loading=\"lazy\" decoding=\"async\" src=\"https:\/\/www.mapia-technologies.com\/wp-content\/uploads\/2023\/04\/portbcn.png\" alt=\"Logo Port de Barcelona\" itemprop=\"image\" height=\"100\" width=\"240\" title=\"Logo Port de Barcelona\" onerror=\"this.style.display='none'\"  \/>\n\t\t\t\t<img loading=\"lazy\" decoding=\"async\" src=\"https:\/\/www.mapia-technologies.com\/wp-content\/uploads\/2023\/04\/mutua_propietarios.png\" alt=\"Logo Mutua de Propietarios\" itemprop=\"image\" height=\"100\" width=\"240\" title=\"Logo Mutua de Propietarios\" onerror=\"this.style.display='none'\"  \/>\n\t\t\t\t<img loading=\"lazy\" decoding=\"async\" src=\"https:\/\/www.mapia-technologies.com\/wp-content\/uploads\/2023\/04\/lh.png\" alt=\"Logo Ajuntament de l&#039;Hospitalet\" itemprop=\"image\" height=\"100\" width=\"240\" title=\"Logo Ajuntament de l&#039;Hospitalet\" onerror=\"this.style.display='none'\"  \/>\n\t\t\t\t<img loading=\"lazy\" decoding=\"async\" src=\"https:\/\/www.mapia-technologies.com\/wp-content\/uploads\/2023\/04\/incasol.png\" alt=\"Logo Inscas\u00f2l, Institut Catal\u00e0 del S\u00f2l\" itemprop=\"image\" height=\"100\" width=\"240\" title=\"Logo Inscas\u00f2l\" onerror=\"this.style.display='none'\"  \/>\n\t\t\t\t<img loading=\"lazy\" decoding=\"async\" src=\"https:\/\/www.mapia-technologies.com\/wp-content\/uploads\/2023\/04\/icl.png\" alt=\"Logo ICL Iberia\" itemprop=\"image\" height=\"100\" width=\"240\" title=\"Logo ICL Iberia\" onerror=\"this.style.display='none'\"  \/>\n\t\t\t\t<img loading=\"lazy\" decoding=\"async\" src=\"https:\/\/www.mapia-technologies.com\/wp-content\/uploads\/2023\/04\/icgc.png\" alt=\"Logo Institut Cartogr\u00e0fic i Geol\u00f2gic de Catalunya\" itemprop=\"image\" height=\"100\" width=\"240\" title=\"Logo Institut Cartogr\u00e0fic i Geol\u00f2gic de Catalunya\" onerror=\"this.style.display='none'\"  \/>\n\t\t\t\t<img loading=\"lazy\" decoding=\"async\" src=\"https:\/\/www.mapia-technologies.com\/wp-content\/uploads\/2023\/04\/iaac.png\" alt=\"Logo Institute for advanced architecture of Catalonia\" itemprop=\"image\" height=\"100\" width=\"240\" title=\"Logo Institute for advanced architecture of Catalonia\" onerror=\"this.style.display='none'\"  \/>\n\t\t\t\t<img loading=\"lazy\" decoding=\"async\" src=\"https:\/\/www.mapia-technologies.com\/wp-content\/uploads\/2023\/04\/govern_andorra.png\" alt=\"Logo Govern d&#039;Andorra\" itemprop=\"image\" height=\"100\" width=\"240\" title=\"Logo Govern d&#039;Andorra\" onerror=\"this.style.display='none'\"  \/>\n\t\t\t\t<img loading=\"lazy\" decoding=\"async\" src=\"https:\/\/www.mapia-technologies.com\/wp-content\/uploads\/2023\/04\/girona.png\" alt=\"Logo Ajuntament de Girona\" itemprop=\"image\" height=\"100\" width=\"240\" title=\"Logo Ajuntament de Girona\" onerror=\"this.style.display='none'\"  \/>\n\t\t\t\t<img loading=\"lazy\" decoding=\"async\" src=\"https:\/\/www.mapia-technologies.com\/wp-content\/uploads\/2023\/04\/gene.png\" alt=\"Logo Generalitat de Catalunya\" itemprop=\"image\" height=\"100\" width=\"240\" title=\"Logo Generalitat de Catalunya\" onerror=\"this.style.display='none'\"  \/>\n\t\t\t\t<img loading=\"lazy\" decoding=\"async\" src=\"https:\/\/www.mapia-technologies.com\/wp-content\/uploads\/2023\/04\/figueres.png\" alt=\"Logo Ajuntament de Figueres\" itemprop=\"image\" height=\"100\" width=\"240\" title=\"figueres\" onerror=\"this.style.display='none'\"  \/>\n\t\t\t\t<img loading=\"lazy\" decoding=\"async\" src=\"https:\/\/www.mapia-technologies.com\/wp-content\/uploads\/2023\/04\/fgc.png\" alt=\"Logo Ferrocarrils de la Generalitat de Catalunya\" itemprop=\"image\" height=\"100\" width=\"240\" title=\"Logo Ferrocarrils de la Generalitat de Catalunya\" onerror=\"this.style.display='none'\"  \/>\n\t\t\t\t<img loading=\"lazy\" decoding=\"async\" src=\"https:\/\/www.mapia-technologies.com\/wp-content\/uploads\/2023\/04\/diba.png\" alt=\"Logo Diputaci\u00f3 de Barcelona\" itemprop=\"image\" height=\"100\" width=\"240\" title=\"Logo Diputaci\u00f3 de Barcelona\" onerror=\"this.style.display='none'\"  \/>\n\t\t\t\t<img loading=\"lazy\" decoding=\"async\" src=\"https:\/\/www.mapia-technologies.com\/wp-content\/uploads\/2023\/04\/bcn.png\" alt=\"Logo Ajuntament de Barcelona\" itemprop=\"image\" height=\"100\" width=\"240\" title=\"Logo Ajuntament de Barcelona\" onerror=\"this.style.display='none'\"  \/>\n\t\t\t\t<img loading=\"lazy\" decoding=\"async\" src=\"https:\/\/www.mapia-technologies.com\/wp-content\/uploads\/2023\/04\/atm.png\" alt=\"Logo Autoritat del transport Metropolit\u00e0 (Barcelona)\" itemprop=\"image\" height=\"100\" width=\"240\" title=\"Logo Autoritat del transport Metropolit\u00e0 (Barcelona)\" onerror=\"this.style.display='none'\"  \/>\n\t\t\t\t<img loading=\"lazy\" decoding=\"async\" src=\"https:\/\/www.mapia-technologies.com\/wp-content\/uploads\/2023\/04\/amb.png\" alt=\"Logo Area metropolitana de Barcelona\" itemprop=\"image\" height=\"100\" width=\"240\" title=\"Logo Area metropolitana de Barcelona\" onerror=\"this.style.display='none'\"  \/>\n\t\t\t\t<img loading=\"lazy\" decoding=\"async\" src=\"https:\/\/www.mapia-technologies.com\/wp-content\/uploads\/2023\/04\/acciona.png\" alt=\"Logo acciona\" itemprop=\"image\" height=\"100\" width=\"240\" title=\"Logo acciona\" onerror=\"this.style.display='none'\"  \/>\n\t\t\t\t<img loading=\"lazy\" decoding=\"async\" src=\"https:\/\/www.mapia-technologies.com\/wp-content\/uploads\/2023\/04\/abertis.png\" alt=\"aucat invicat\" itemprop=\"image\" height=\"100\" width=\"240\" title=\"abertis\" onerror=\"this.style.display='none'\"  \/>","protected":false},"excerpt":{"rendered":"<div class=\"entry-summary\">\n<div class=\"entry-summary\">\nABOUT US For more than 20 years, Mapia Technologies has participated in the improvement of all processes related to territory management. The project that we started then currently has more than 30 highly qualified professionals. We offer specialized solutions in&hellip;\n<\/div>\n<div class=\"link-more\"><a href=\"https:\/\/www.mapia-technologies.com\/en\/about-us-mapia-technologies\" class=\"more-link\">Continue reading<span class=\"screen-reader-text\"> &ldquo;About us&rdquo;<\/span>&hellip;<\/a><\/div>\n<\/div>\n<div class=\"link-more\"><a href=\"https:\/\/www.mapia-technologies.com\/en\/about-us-mapia-technologies\" class=\"more-link\">Continue reading<span class=\"screen-reader-text\"> &ldquo;About us&rdquo;<\/span>&hellip;<\/a><\/div>\n","protected":false},"author":1,"featured_media":0,"parent":0,"menu_order":0,"comment_status":"closed","ping_status":"closed","template":"templates\/no-intro.php","meta":{"footnotes":""},"class_list":["post-4156","page","type-page","status-publish","hentry","entry"],"yoast_head":"<!-- This site is optimized with the Yoast SEO plugin v24.0 - https:\/\/yoast.com\/wordpress\/plugins\/seo\/ -->\n<title>About us - Mapia<\/title>\n<meta name=\"robots\" content=\"index, follow, max-snippet:-1, max-image-preview:large, max-video-preview:-1\" \/>\n<link rel=\"canonical\" href=\"https:\/\/www.mapia-technologies.com\/en\/about-us-mapia-technologies\" \/>\n<meta property=\"og:locale\" content=\"en_US\" \/>\n<meta property=\"og:type\" content=\"article\" \/>\n<meta property=\"og:title\" content=\"About us - Mapia\" \/>\n<meta property=\"og:description\" content=\"ABOUT US For more than 20 years, Mapia Technologies has participated in the improvement of all processes related to territory management. The project that we started then currently has more than 30 highly qualified professionals. We offer specialized solutions in&hellip; Continue reading &ldquo;About us&rdquo;&hellip;\" \/>\n<meta property=\"og:url\" content=\"https:\/\/www.mapia-technologies.com\/en\/about-us-mapia-technologies\" \/>\n<meta property=\"og:site_name\" content=\"Mapia\" \/>\n<meta property=\"article:modified_time\" content=\"2024-05-24T14:59:52+00:00\" \/>\n<meta property=\"og:image\" content=\"https:\/\/www.mapia-technologies.com\/wp-content\/uploads\/2023\/05\/connect_0009s_0000_mapping_1.jpg\" \/>\n<meta name=\"twitter:card\" content=\"summary_large_image\" \/>\n<meta name=\"twitter:label1\" content=\"Est. reading time\" \/>\n\t<meta name=\"twitter:data1\" content=\"7 minutes\" \/>\n<script type=\"application\/ld+json\" class=\"yoast-schema-graph\">{\"@context\":\"https:\/\/schema.org\",\"@graph\":[{\"@type\":\"WebPage\",\"@id\":\"https:\/\/www.mapia-technologies.com\/en\/about-us-mapia-technologies\",\"url\":\"https:\/\/www.mapia-technologies.com\/en\/about-us-mapia-technologies\",\"name\":\"About us - Mapia\",\"isPartOf\":{\"@id\":\"https:\/\/www.mapia-technologies.com\/en#website\"},\"primaryImageOfPage\":{\"@id\":\"https:\/\/www.mapia-technologies.com\/en\/about-us-mapia-technologies#primaryimage\"},\"image\":{\"@id\":\"https:\/\/www.mapia-technologies.com\/en\/about-us-mapia-technologies#primaryimage\"},\"thumbnailUrl\":\"https:\/\/www.mapia-technologies.com\/wp-content\/uploads\/2023\/05\/connect_0009s_0000_mapping_1.jpg\",\"datePublished\":\"2017-05-22T09:57:54+00:00\",\"dateModified\":\"2024-05-24T14:59:52+00:00\",\"breadcrumb\":{\"@id\":\"https:\/\/www.mapia-technologies.com\/en\/about-us-mapia-technologies#breadcrumb\"},\"inLanguage\":\"en-US\",\"potentialAction\":[{\"@type\":\"ReadAction\",\"target\":[\"https:\/\/www.mapia-technologies.com\/en\/about-us-mapia-technologies\"]}]},{\"@type\":\"ImageObject\",\"inLanguage\":\"en-US\",\"@id\":\"https:\/\/www.mapia-technologies.com\/en\/about-us-mapia-technologies#primaryimage\",\"url\":\"https:\/\/www.mapia-technologies.com\/wp-content\/uploads\/2023\/05\/connect_0009s_0000_mapping_1.jpg\",\"contentUrl\":\"https:\/\/www.mapia-technologies.com\/wp-content\/uploads\/2023\/05\/connect_0009s_0000_mapping_1.jpg\"},{\"@type\":\"BreadcrumbList\",\"@id\":\"https:\/\/www.mapia-technologies.com\/en\/about-us-mapia-technologies#breadcrumb\",\"itemListElement\":[{\"@type\":\"ListItem\",\"position\":1,\"name\":\"Portada\",\"item\":\"https:\/\/www.mapia-technologies.com\/en\"},{\"@type\":\"ListItem\",\"position\":2,\"name\":\"About us\"}]},{\"@type\":\"WebSite\",\"@id\":\"https:\/\/www.mapia-technologies.com\/en#website\",\"url\":\"https:\/\/www.mapia-technologies.com\/en\",\"name\":\"Mapia\",\"description\":\"Plataforma tecnol\u00f3gica que optimiza y mejora todos los procesos vinculados a los datos geospaciales\",\"publisher\":{\"@id\":\"https:\/\/www.mapia-technologies.com\/en#organization\"},\"potentialAction\":[{\"@type\":\"SearchAction\",\"target\":{\"@type\":\"EntryPoint\",\"urlTemplate\":\"https:\/\/www.mapia-technologies.com\/en?s={search_term_string}\"},\"query-input\":{\"@type\":\"PropertyValueSpecification\",\"valueRequired\":true,\"valueName\":\"search_term_string\"}}],\"inLanguage\":\"en-US\"},{\"@type\":\"Organization\",\"@id\":\"https:\/\/www.mapia-technologies.com\/en#organization\",\"name\":\"Mapia\",\"url\":\"https:\/\/www.mapia-technologies.com\/en\",\"logo\":{\"@type\":\"ImageObject\",\"inLanguage\":\"en-US\",\"@id\":\"https:\/\/www.mapia-technologies.com\/en#\/schema\/logo\/image\/\",\"url\":\"https:\/\/www.mapia-technologies.com\/wp-content\/uploads\/2023\/06\/cropped-logo_mapia.png\",\"contentUrl\":\"https:\/\/www.mapia-technologies.com\/wp-content\/uploads\/2023\/06\/cropped-logo_mapia.png\",\"width\":1655,\"height\":448,\"caption\":\"Mapia\"},\"image\":{\"@id\":\"https:\/\/www.mapia-technologies.com\/en#\/schema\/logo\/image\/\"}}]}<\/script>\n<!-- \/ Yoast SEO plugin. -->","yoast_head_json":{"title":"About us - Mapia","robots":{"index":"index","follow":"follow","max-snippet":"max-snippet:-1","max-image-preview":"max-image-preview:large","max-video-preview":"max-video-preview:-1"},"canonical":"https:\/\/www.mapia-technologies.com\/en\/about-us-mapia-technologies","og_locale":"en_US","og_type":"article","og_title":"About us - Mapia","og_description":"ABOUT US For more than 20 years, Mapia Technologies has participated in the improvement of all processes related to territory management. The project that we started then currently has more than 30 highly qualified professionals. We offer specialized solutions in&hellip; Continue reading &ldquo;About us&rdquo;&hellip;","og_url":"https:\/\/www.mapia-technologies.com\/en\/about-us-mapia-technologies","og_site_name":"Mapia","article_modified_time":"2024-05-24T14:59:52+00:00","og_image":[{"url":"https:\/\/www.mapia-technologies.com\/wp-content\/uploads\/2023\/05\/connect_0009s_0000_mapping_1.jpg","type":"","width":"","height":""}],"twitter_card":"summary_large_image","twitter_misc":{"Est. reading time":"7 minutes"},"schema":{"@context":"https:\/\/schema.org","@graph":[{"@type":"WebPage","@id":"https:\/\/www.mapia-technologies.com\/en\/about-us-mapia-technologies","url":"https:\/\/www.mapia-technologies.com\/en\/about-us-mapia-technologies","name":"About us - Mapia","isPartOf":{"@id":"https:\/\/www.mapia-technologies.com\/en#website"},"primaryImageOfPage":{"@id":"https:\/\/www.mapia-technologies.com\/en\/about-us-mapia-technologies#primaryimage"},"image":{"@id":"https:\/\/www.mapia-technologies.com\/en\/about-us-mapia-technologies#primaryimage"},"thumbnailUrl":"https:\/\/www.mapia-technologies.com\/wp-content\/uploads\/2023\/05\/connect_0009s_0000_mapping_1.jpg","datePublished":"2017-05-22T09:57:54+00:00","dateModified":"2024-05-24T14:59:52+00:00","breadcrumb":{"@id":"https:\/\/www.mapia-technologies.com\/en\/about-us-mapia-technologies#breadcrumb"},"inLanguage":"en-US","potentialAction":[{"@type":"ReadAction","target":["https:\/\/www.mapia-technologies.com\/en\/about-us-mapia-technologies"]}]},{"@type":"ImageObject","inLanguage":"en-US","@id":"https:\/\/www.mapia-technologies.com\/en\/about-us-mapia-technologies#primaryimage","url":"https:\/\/www.mapia-technologies.com\/wp-content\/uploads\/2023\/05\/connect_0009s_0000_mapping_1.jpg","contentUrl":"https:\/\/www.mapia-technologies.com\/wp-content\/uploads\/2023\/05\/connect_0009s_0000_mapping_1.jpg"},{"@type":"BreadcrumbList","@id":"https:\/\/www.mapia-technologies.com\/en\/about-us-mapia-technologies#breadcrumb","itemListElement":[{"@type":"ListItem","position":1,"name":"Portada","item":"https:\/\/www.mapia-technologies.com\/en"},{"@type":"ListItem","position":2,"name":"About us"}]},{"@type":"WebSite","@id":"https:\/\/www.mapia-technologies.com\/en#website","url":"https:\/\/www.mapia-technologies.com\/en","name":"Mapia","description":"Plataforma tecnol\u00f3gica que optimiza y mejora todos los procesos vinculados a los datos geospaciales","publisher":{"@id":"https:\/\/www.mapia-technologies.com\/en#organization"},"potentialAction":[{"@type":"SearchAction","target":{"@type":"EntryPoint","urlTemplate":"https:\/\/www.mapia-technologies.com\/en?s={search_term_string}"},"query-input":{"@type":"PropertyValueSpecification","valueRequired":true,"valueName":"search_term_string"}}],"inLanguage":"en-US"},{"@type":"Organization","@id":"https:\/\/www.mapia-technologies.com\/en#organization","name":"Mapia","url":"https:\/\/www.mapia-technologies.com\/en","logo":{"@type":"ImageObject","inLanguage":"en-US","@id":"https:\/\/www.mapia-technologies.com\/en#\/schema\/logo\/image\/","url":"https:\/\/www.mapia-technologies.com\/wp-content\/uploads\/2023\/06\/cropped-logo_mapia.png","contentUrl":"https:\/\/www.mapia-technologies.com\/wp-content\/uploads\/2023\/06\/cropped-logo_mapia.png","width":1655,"height":448,"caption":"Mapia"},"image":{"@id":"https:\/\/www.mapia-technologies.com\/en#\/schema\/logo\/image\/"}}]}},"_links":{"self":[{"href":"https:\/\/www.mapia-technologies.com\/en\/wp-json\/wp\/v2\/pages\/4156","targetHints":{"allow":["GET"]}}],"collection":[{"href":"https:\/\/www.mapia-technologies.com\/en\/wp-json\/wp\/v2\/pages"}],"about":[{"href":"https:\/\/www.mapia-technologies.com\/en\/wp-json\/wp\/v2\/types\/page"}],"author":[{"embeddable":true,"href":"https:\/\/www.mapia-technologies.com\/en\/wp-json\/wp\/v2\/users\/1"}],"replies":[{"embeddable":true,"href":"https:\/\/www.mapia-technologies.com\/en\/wp-json\/wp\/v2\/comments?post=4156"}],"version-history":[{"count":4,"href":"https:\/\/www.mapia-technologies.com\/en\/wp-json\/wp\/v2\/pages\/4156\/revisions"}],"predecessor-version":[{"id":4834,"href":"https:\/\/www.mapia-technologies.com\/en\/wp-json\/wp\/v2\/pages\/4156\/revisions\/4834"}],"wp:attachment":[{"href":"https:\/\/www.mapia-technologies.com\/en\/wp-json\/wp\/v2\/media?parent=4156"}],"curies":[{"name":"wp","href":"https:\/\/api.w.org\/{rel}","templated":true}]}}