{"id":4482,"date":"2024-02-02T11:40:43","date_gmt":"2024-02-02T10:40:43","guid":{"rendered":"https:\/\/www.mapia-technologies.com\/?post_type=product&#038;p=4482"},"modified":"2024-04-17T18:19:44","modified_gmt":"2024-04-17T16:19:44","slug":"mapia-spatial","status":"publish","type":"product","link":"https:\/\/www.mapia-technologies.com\/ca\/producte\/mapia-spatial","title":{"rendered":"Mapia SPATIAL"},"content":{"rendered":"<h2>Mapia<small>\u00ae<\/small>\u00a0<span style=\"color: #c40034;\">Spatial<\/span><\/h2>\n<h5>Funcionalitats GIS en el teu CAD<\/h5>\n<p>Integra les principals funcionalitats GIS dins l&#8217;entorn del teu CAD Bentley: importaci\u00f3 i exportaci\u00f3 de formats GIS, tractament d&#8217;atributs, connexi\u00f3 StreetView, operacions topol\u00f2giques, geoprocessos, etc.<\/p>\n<p><a href=\"\/ca\/mapia-spatial\/\" class=\"wm-button size-medium button\">M\u00e9s informaci\u00f3<\/a><\/p>\n","protected":false},"excerpt":{"rendered":"<div class=\"entry-summary\">\n<div class=\"entry-summary\">\nInclou nom\u00e9s versi\u00f3 Bentley MicroStation.<\/p>\n<p>Els descomptes per varies llic\u00e8ncies es negociaran segons cada cas.<\/p>\n<div id=\"gtx-trans\" style=\"position: absolute; left: -127px; top: -4.8px;\">\n<div class=\"gtx-trans-icon\"><\/div>\n<\/div>\n<\/div>\n<\/div>\n","protected":false},"featured_media":4651,"comment_status":"open","ping_status":"closed","template":"templates\/no-intro.php","meta":[],"product_cat":[173],"product_tag":[],"class_list":{"0":"post-4482","1":"product","2":"type-product","3":"status-publish","4":"has-post-thumbnail","6":"product_cat-llicencies-mapia","8":"first","9":"instock","10":"downloadable","11":"virtual","12":"taxable","13":"product-type-simple","14":"entry"},"yoast_head":"<!-- This site is optimized with the Yoast SEO plugin v24.0 - https:\/\/yoast.com\/wordpress\/plugins\/seo\/ -->\n<title>Mapia SPATIAL - Mapia<\/title>\n<meta name=\"robots\" content=\"index, follow, max-snippet:-1, max-image-preview:large, max-video-preview:-1\" \/>\n<link rel=\"canonical\" href=\"https:\/\/www.mapia-technologies.com\/ca\/producte\/mapia-spatial\" \/>\n<meta property=\"og:locale\" content=\"ca_ES\" \/>\n<meta property=\"og:type\" content=\"article\" \/>\n<meta property=\"og:title\" content=\"Mapia SPATIAL - Mapia\" \/>\n<meta property=\"og:description\" content=\"Inclou nom\u00e9s versi\u00f3 Bentley MicroStation.  Els descomptes per varies llic\u00e8ncies es negociaran segons cada cas.\" \/>\n<meta property=\"og:url\" content=\"https:\/\/www.mapia-technologies.com\/ca\/producte\/mapia-spatial\" \/>\n<meta property=\"og:site_name\" content=\"Mapia\" \/>\n<meta property=\"article:modified_time\" content=\"2024-04-17T16:19:44+00:00\" \/>\n<meta property=\"og:image\" content=\"https:\/\/www.mapia-technologies.com\/wp-content\/uploads\/2024\/02\/mapia-spatial-license.jpg\" \/>\n\t<meta property=\"og:image:width\" content=\"1000\" \/>\n\t<meta property=\"og:image:height\" content=\"700\" \/>\n\t<meta property=\"og:image:type\" content=\"image\/jpeg\" \/>\n<meta name=\"twitter:card\" content=\"summary_large_image\" \/>\n<meta name=\"twitter:label1\" content=\"Temps estimat de lectura\" \/>\n\t<meta name=\"twitter:data1\" content=\"1 minut\" \/>\n<script type=\"application\/ld+json\" class=\"yoast-schema-graph\">{\"@context\":\"https:\/\/schema.org\",\"@graph\":[{\"@type\":\"WebPage\",\"@id\":\"https:\/\/www.mapia-technologies.com\/ca\/producte\/mapia-spatial\",\"url\":\"https:\/\/www.mapia-technologies.com\/ca\/producte\/mapia-spatial\",\"name\":\"Mapia SPATIAL - Mapia\",\"isPartOf\":{\"@id\":\"https:\/\/www.mapia-technologies.com\/ca#website\"},\"primaryImageOfPage\":{\"@id\":\"https:\/\/www.mapia-technologies.com\/ca\/producte\/mapia-spatial#primaryimage\"},\"image\":{\"@id\":\"https:\/\/www.mapia-technologies.com\/ca\/producte\/mapia-spatial#primaryimage\"},\"thumbnailUrl\":\"https:\/\/www.mapia-technologies.com\/wp-content\/uploads\/2024\/02\/mapia-spatial-license.jpg\",\"datePublished\":\"2024-02-02T10:40:43+00:00\",\"dateModified\":\"2024-04-17T16:19:44+00:00\",\"breadcrumb\":{\"@id\":\"https:\/\/www.mapia-technologies.com\/ca\/producte\/mapia-spatial#breadcrumb\"},\"inLanguage\":\"ca\",\"potentialAction\":[{\"@type\":\"ReadAction\",\"target\":[\"https:\/\/www.mapia-technologies.com\/ca\/producte\/mapia-spatial\"]}]},{\"@type\":\"ImageObject\",\"inLanguage\":\"ca\",\"@id\":\"https:\/\/www.mapia-technologies.com\/ca\/producte\/mapia-spatial#primaryimage\",\"url\":\"https:\/\/www.mapia-technologies.com\/wp-content\/uploads\/2024\/02\/mapia-spatial-license.jpg\",\"contentUrl\":\"https:\/\/www.mapia-technologies.com\/wp-content\/uploads\/2024\/02\/mapia-spatial-license.jpg\",\"width\":1000,\"height\":700},{\"@type\":\"BreadcrumbList\",\"@id\":\"https:\/\/www.mapia-technologies.com\/ca\/producte\/mapia-spatial#breadcrumb\",\"itemListElement\":[{\"@type\":\"ListItem\",\"position\":1,\"name\":\"Portada\",\"item\":\"https:\/\/www.mapia-technologies.com\/ca\"},{\"@type\":\"ListItem\",\"position\":2,\"name\":\"Botiga online\",\"item\":\"https:\/\/www.mapia-technologies.com\/ca\/botiga-online\"},{\"@type\":\"ListItem\",\"position\":3,\"name\":\"Mapia SPATIAL\"}]},{\"@type\":\"WebSite\",\"@id\":\"https:\/\/www.mapia-technologies.com\/ca#website\",\"url\":\"https:\/\/www.mapia-technologies.com\/ca\",\"name\":\"Mapia\",\"description\":\"Plataforma tecnol\u00f3gica que optimiza y mejora todos los procesos vinculados a los datos geospaciales\",\"publisher\":{\"@id\":\"https:\/\/www.mapia-technologies.com\/ca#organization\"},\"potentialAction\":[{\"@type\":\"SearchAction\",\"target\":{\"@type\":\"EntryPoint\",\"urlTemplate\":\"https:\/\/www.mapia-technologies.com\/ca?s={search_term_string}\"},\"query-input\":{\"@type\":\"PropertyValueSpecification\",\"valueRequired\":true,\"valueName\":\"search_term_string\"}}],\"inLanguage\":\"ca\"},{\"@type\":\"Organization\",\"@id\":\"https:\/\/www.mapia-technologies.com\/ca#organization\",\"name\":\"Mapia\",\"url\":\"https:\/\/www.mapia-technologies.com\/ca\",\"logo\":{\"@type\":\"ImageObject\",\"inLanguage\":\"ca\",\"@id\":\"https:\/\/www.mapia-technologies.com\/ca#\/schema\/logo\/image\/\",\"url\":\"https:\/\/www.mapia-technologies.com\/wp-content\/uploads\/2023\/06\/cropped-logo_mapia.png\",\"contentUrl\":\"https:\/\/www.mapia-technologies.com\/wp-content\/uploads\/2023\/06\/cropped-logo_mapia.png\",\"width\":1655,\"height\":448,\"caption\":\"Mapia\"},\"image\":{\"@id\":\"https:\/\/www.mapia-technologies.com\/ca#\/schema\/logo\/image\/\"}}]}<\/script>\n<!-- \/ Yoast SEO plugin. -->","yoast_head_json":{"title":"Mapia SPATIAL - Mapia","robots":{"index":"index","follow":"follow","max-snippet":"max-snippet:-1","max-image-preview":"max-image-preview:large","max-video-preview":"max-video-preview:-1"},"canonical":"https:\/\/www.mapia-technologies.com\/ca\/producte\/mapia-spatial","og_locale":"ca_ES","og_type":"article","og_title":"Mapia SPATIAL - Mapia","og_description":"Inclou nom\u00e9s versi\u00f3 Bentley MicroStation.  Els descomptes per varies llic\u00e8ncies es negociaran segons cada cas.","og_url":"https:\/\/www.mapia-technologies.com\/ca\/producte\/mapia-spatial","og_site_name":"Mapia","article_modified_time":"2024-04-17T16:19:44+00:00","og_image":[{"width":1000,"height":700,"url":"https:\/\/www.mapia-technologies.com\/wp-content\/uploads\/2024\/02\/mapia-spatial-license.jpg","type":"image\/jpeg"}],"twitter_card":"summary_large_image","twitter_misc":{"Temps estimat de lectura":"1 minut"},"schema":{"@context":"https:\/\/schema.org","@graph":[{"@type":"WebPage","@id":"https:\/\/www.mapia-technologies.com\/ca\/producte\/mapia-spatial","url":"https:\/\/www.mapia-technologies.com\/ca\/producte\/mapia-spatial","name":"Mapia SPATIAL - Mapia","isPartOf":{"@id":"https:\/\/www.mapia-technologies.com\/ca#website"},"primaryImageOfPage":{"@id":"https:\/\/www.mapia-technologies.com\/ca\/producte\/mapia-spatial#primaryimage"},"image":{"@id":"https:\/\/www.mapia-technologies.com\/ca\/producte\/mapia-spatial#primaryimage"},"thumbnailUrl":"https:\/\/www.mapia-technologies.com\/wp-content\/uploads\/2024\/02\/mapia-spatial-license.jpg","datePublished":"2024-02-02T10:40:43+00:00","dateModified":"2024-04-17T16:19:44+00:00","breadcrumb":{"@id":"https:\/\/www.mapia-technologies.com\/ca\/producte\/mapia-spatial#breadcrumb"},"inLanguage":"ca","potentialAction":[{"@type":"ReadAction","target":["https:\/\/www.mapia-technologies.com\/ca\/producte\/mapia-spatial"]}]},{"@type":"ImageObject","inLanguage":"ca","@id":"https:\/\/www.mapia-technologies.com\/ca\/producte\/mapia-spatial#primaryimage","url":"https:\/\/www.mapia-technologies.com\/wp-content\/uploads\/2024\/02\/mapia-spatial-license.jpg","contentUrl":"https:\/\/www.mapia-technologies.com\/wp-content\/uploads\/2024\/02\/mapia-spatial-license.jpg","width":1000,"height":700},{"@type":"BreadcrumbList","@id":"https:\/\/www.mapia-technologies.com\/ca\/producte\/mapia-spatial#breadcrumb","itemListElement":[{"@type":"ListItem","position":1,"name":"Portada","item":"https:\/\/www.mapia-technologies.com\/ca"},{"@type":"ListItem","position":2,"name":"Botiga online","item":"https:\/\/www.mapia-technologies.com\/ca\/botiga-online"},{"@type":"ListItem","position":3,"name":"Mapia SPATIAL"}]},{"@type":"WebSite","@id":"https:\/\/www.mapia-technologies.com\/ca#website","url":"https:\/\/www.mapia-technologies.com\/ca","name":"Mapia","description":"Plataforma tecnol\u00f3gica que optimiza y mejora todos los procesos vinculados a los datos geospaciales","publisher":{"@id":"https:\/\/www.mapia-technologies.com\/ca#organization"},"potentialAction":[{"@type":"SearchAction","target":{"@type":"EntryPoint","urlTemplate":"https:\/\/www.mapia-technologies.com\/ca?s={search_term_string}"},"query-input":{"@type":"PropertyValueSpecification","valueRequired":true,"valueName":"search_term_string"}}],"inLanguage":"ca"},{"@type":"Organization","@id":"https:\/\/www.mapia-technologies.com\/ca#organization","name":"Mapia","url":"https:\/\/www.mapia-technologies.com\/ca","logo":{"@type":"ImageObject","inLanguage":"ca","@id":"https:\/\/www.mapia-technologies.com\/ca#\/schema\/logo\/image\/","url":"https:\/\/www.mapia-technologies.com\/wp-content\/uploads\/2023\/06\/cropped-logo_mapia.png","contentUrl":"https:\/\/www.mapia-technologies.com\/wp-content\/uploads\/2023\/06\/cropped-logo_mapia.png","width":1655,"height":448,"caption":"Mapia"},"image":{"@id":"https:\/\/www.mapia-technologies.com\/ca#\/schema\/logo\/image\/"}}]}},"_links":{"self":[{"href":"https:\/\/www.mapia-technologies.com\/ca\/wp-json\/wp\/v2\/product\/4482","targetHints":{"allow":["GET"]}}],"collection":[{"href":"https:\/\/www.mapia-technologies.com\/ca\/wp-json\/wp\/v2\/product"}],"about":[{"href":"https:\/\/www.mapia-technologies.com\/ca\/wp-json\/wp\/v2\/types\/product"}],"replies":[{"embeddable":true,"href":"https:\/\/www.mapia-technologies.com\/ca\/wp-json\/wp\/v2\/comments?post=4482"}],"wp:featuredmedia":[{"embeddable":true,"href":"https:\/\/www.mapia-technologies.com\/ca\/wp-json\/wp\/v2\/media\/4651"}],"wp:attachment":[{"href":"https:\/\/www.mapia-technologies.com\/ca\/wp-json\/wp\/v2\/media?parent=4482"}],"wp:term":[{"taxonomy":"product_cat","embeddable":true,"href":"https:\/\/www.mapia-technologies.com\/ca\/wp-json\/wp\/v2\/product_cat?post=4482"},{"taxonomy":"product_tag","embeddable":true,"href":"https:\/\/www.mapia-technologies.com\/ca\/wp-json\/wp\/v2\/product_tag?post=4482"}],"curies":[{"name":"wp","href":"https:\/\/api.w.org\/{rel}","templated":true}]}}