{"id":4479,"date":"2024-02-02T11:35:30","date_gmt":"2024-02-02T10:35:30","guid":{"rendered":"https:\/\/www.mapia-technologies.com\/?post_type=product&#038;p=4479"},"modified":"2024-04-16T14:00:47","modified_gmt":"2024-04-16T12:00:47","slug":"mapia-online","status":"publish","type":"product","link":"https:\/\/www.mapia-technologies.com\/ca\/producte\/mapia-online","title":{"rendered":"Mapia ONLINE"},"content":{"rendered":"<h2>Mapia<small>\u00ae<\/small>\u00a0<span style=\"color: #c40034;\">Online<\/span><\/h2>\n<h5>Publicaci\u00f3 web<\/h5>\n<p>Mapia Online \u00e9s una plataforma tecnol\u00f2gica basada en web mapping i GIS cloud, multidispositiu i multiusuari. Permet distribuir i gestionar dades geoespacials en tots els \u00e0mbits sense necessitat de disposar d\u2019una infraestructura espec\u00edfica, facilitant la presa de decisions, l\u2019an\u00e0lisi i l\u2019explotaci\u00f3.<br \/>\nDisposa d\u2019eines web espec\u00edfiques per a la creaci\u00f3 de GeoPortals, gesti\u00f3 d\u2019incid\u00e8ncies, seguiment d\u2019infraestructures, control d\u2019historials, inventariat, digitalitzaci\u00f3 i dibuix, cerca, distribuci\u00f3 i desc\u00e0rrega de recursos, acc\u00e9s a serveis i dades p\u00fabliques, servidor d\u2019imatges, etc.<\/p>\n<p><a href=\"\/ca\/mapia-online\/\" class=\"wm-button size-medium button\">M\u00e9s informaci\u00f3<\/a><\/p>\n","protected":false},"excerpt":{"rendered":"<div class=\"entry-summary\">\n<div class=\"entry-summary\">\nInclou la plataforma web geoportal i el Mapia SERVER amb usuaris il\u00b7limitats.<\/p>\n<p>Hosting de fins a 500 GB.<\/p>\n<div id=\"gtx-trans\" style=\"position: absolute; left: -30px; top: -4.8px;\">\n<div class=\"gtx-trans-icon\"><\/div>\n<\/div>\n<\/div>\n<\/div>\n","protected":false},"featured_media":4645,"comment_status":"open","ping_status":"closed","template":"templates\/no-intro.php","meta":[],"product_cat":[173],"product_tag":[],"class_list":{"0":"post-4479","1":"product","2":"type-product","3":"status-publish","4":"has-post-thumbnail","6":"product_cat-llicencies-mapia","8":"first","9":"instock","10":"downloadable","11":"virtual","12":"taxable","13":"product-type-simple","14":"entry"},"yoast_head":"<!-- This site is optimized with the Yoast SEO plugin v24.0 - https:\/\/yoast.com\/wordpress\/plugins\/seo\/ -->\n<title>Mapia ONLINE - Mapia<\/title>\n<meta name=\"robots\" content=\"index, follow, max-snippet:-1, max-image-preview:large, max-video-preview:-1\" \/>\n<link rel=\"canonical\" href=\"https:\/\/www.mapia-technologies.com\/ca\/producte\/mapia-online\" \/>\n<meta property=\"og:locale\" content=\"ca_ES\" \/>\n<meta property=\"og:type\" content=\"article\" \/>\n<meta property=\"og:title\" content=\"Mapia ONLINE - Mapia\" \/>\n<meta property=\"og:description\" content=\"Inclou la plataforma web geoportal i el Mapia SERVER amb usuaris il\u00b7limitats.  Hosting de fins a 500 GB.\" \/>\n<meta property=\"og:url\" content=\"https:\/\/www.mapia-technologies.com\/ca\/producte\/mapia-online\" \/>\n<meta property=\"og:site_name\" content=\"Mapia\" \/>\n<meta property=\"article:modified_time\" content=\"2024-04-16T12:00:47+00:00\" \/>\n<meta property=\"og:image\" content=\"https:\/\/www.mapia-technologies.com\/wp-content\/uploads\/2024\/02\/mapia-online-license.jpg\" \/>\n\t<meta property=\"og:image:width\" content=\"1000\" \/>\n\t<meta property=\"og:image:height\" content=\"700\" \/>\n\t<meta property=\"og:image:type\" content=\"image\/jpeg\" \/>\n<meta name=\"twitter:card\" content=\"summary_large_image\" \/>\n<meta name=\"twitter:label1\" content=\"Temps estimat de lectura\" \/>\n\t<meta name=\"twitter:data1\" content=\"1 minut\" \/>\n<script type=\"application\/ld+json\" class=\"yoast-schema-graph\">{\"@context\":\"https:\/\/schema.org\",\"@graph\":[{\"@type\":\"WebPage\",\"@id\":\"https:\/\/www.mapia-technologies.com\/ca\/producte\/mapia-online\",\"url\":\"https:\/\/www.mapia-technologies.com\/ca\/producte\/mapia-online\",\"name\":\"Mapia ONLINE - Mapia\",\"isPartOf\":{\"@id\":\"https:\/\/www.mapia-technologies.com\/ca#website\"},\"primaryImageOfPage\":{\"@id\":\"https:\/\/www.mapia-technologies.com\/ca\/producte\/mapia-online#primaryimage\"},\"image\":{\"@id\":\"https:\/\/www.mapia-technologies.com\/ca\/producte\/mapia-online#primaryimage\"},\"thumbnailUrl\":\"https:\/\/www.mapia-technologies.com\/wp-content\/uploads\/2024\/02\/mapia-online-license.jpg\",\"datePublished\":\"2024-02-02T10:35:30+00:00\",\"dateModified\":\"2024-04-16T12:00:47+00:00\",\"breadcrumb\":{\"@id\":\"https:\/\/www.mapia-technologies.com\/ca\/producte\/mapia-online#breadcrumb\"},\"inLanguage\":\"ca\",\"potentialAction\":[{\"@type\":\"ReadAction\",\"target\":[\"https:\/\/www.mapia-technologies.com\/ca\/producte\/mapia-online\"]}]},{\"@type\":\"ImageObject\",\"inLanguage\":\"ca\",\"@id\":\"https:\/\/www.mapia-technologies.com\/ca\/producte\/mapia-online#primaryimage\",\"url\":\"https:\/\/www.mapia-technologies.com\/wp-content\/uploads\/2024\/02\/mapia-online-license.jpg\",\"contentUrl\":\"https:\/\/www.mapia-technologies.com\/wp-content\/uploads\/2024\/02\/mapia-online-license.jpg\",\"width\":1000,\"height\":700},{\"@type\":\"BreadcrumbList\",\"@id\":\"https:\/\/www.mapia-technologies.com\/ca\/producte\/mapia-online#breadcrumb\",\"itemListElement\":[{\"@type\":\"ListItem\",\"position\":1,\"name\":\"Portada\",\"item\":\"https:\/\/www.mapia-technologies.com\/ca\"},{\"@type\":\"ListItem\",\"position\":2,\"name\":\"Botiga online\",\"item\":\"https:\/\/www.mapia-technologies.com\/ca\/botiga-online\"},{\"@type\":\"ListItem\",\"position\":3,\"name\":\"Mapia ONLINE\"}]},{\"@type\":\"WebSite\",\"@id\":\"https:\/\/www.mapia-technologies.com\/ca#website\",\"url\":\"https:\/\/www.mapia-technologies.com\/ca\",\"name\":\"Mapia\",\"description\":\"Plataforma tecnol\u00f3gica que optimiza y mejora todos los procesos vinculados a los datos geospaciales\",\"publisher\":{\"@id\":\"https:\/\/www.mapia-technologies.com\/ca#organization\"},\"potentialAction\":[{\"@type\":\"SearchAction\",\"target\":{\"@type\":\"EntryPoint\",\"urlTemplate\":\"https:\/\/www.mapia-technologies.com\/ca?s={search_term_string}\"},\"query-input\":{\"@type\":\"PropertyValueSpecification\",\"valueRequired\":true,\"valueName\":\"search_term_string\"}}],\"inLanguage\":\"ca\"},{\"@type\":\"Organization\",\"@id\":\"https:\/\/www.mapia-technologies.com\/ca#organization\",\"name\":\"Mapia\",\"url\":\"https:\/\/www.mapia-technologies.com\/ca\",\"logo\":{\"@type\":\"ImageObject\",\"inLanguage\":\"ca\",\"@id\":\"https:\/\/www.mapia-technologies.com\/ca#\/schema\/logo\/image\/\",\"url\":\"https:\/\/www.mapia-technologies.com\/wp-content\/uploads\/2023\/06\/cropped-logo_mapia.png\",\"contentUrl\":\"https:\/\/www.mapia-technologies.com\/wp-content\/uploads\/2023\/06\/cropped-logo_mapia.png\",\"width\":1655,\"height\":448,\"caption\":\"Mapia\"},\"image\":{\"@id\":\"https:\/\/www.mapia-technologies.com\/ca#\/schema\/logo\/image\/\"}}]}<\/script>\n<!-- \/ Yoast SEO plugin. -->","yoast_head_json":{"title":"Mapia ONLINE - Mapia","robots":{"index":"index","follow":"follow","max-snippet":"max-snippet:-1","max-image-preview":"max-image-preview:large","max-video-preview":"max-video-preview:-1"},"canonical":"https:\/\/www.mapia-technologies.com\/ca\/producte\/mapia-online","og_locale":"ca_ES","og_type":"article","og_title":"Mapia ONLINE - Mapia","og_description":"Inclou la plataforma web geoportal i el Mapia SERVER amb usuaris il\u00b7limitats.  Hosting de fins a 500 GB.","og_url":"https:\/\/www.mapia-technologies.com\/ca\/producte\/mapia-online","og_site_name":"Mapia","article_modified_time":"2024-04-16T12:00:47+00:00","og_image":[{"width":1000,"height":700,"url":"https:\/\/www.mapia-technologies.com\/wp-content\/uploads\/2024\/02\/mapia-online-license.jpg","type":"image\/jpeg"}],"twitter_card":"summary_large_image","twitter_misc":{"Temps estimat de lectura":"1 minut"},"schema":{"@context":"https:\/\/schema.org","@graph":[{"@type":"WebPage","@id":"https:\/\/www.mapia-technologies.com\/ca\/producte\/mapia-online","url":"https:\/\/www.mapia-technologies.com\/ca\/producte\/mapia-online","name":"Mapia ONLINE - Mapia","isPartOf":{"@id":"https:\/\/www.mapia-technologies.com\/ca#website"},"primaryImageOfPage":{"@id":"https:\/\/www.mapia-technologies.com\/ca\/producte\/mapia-online#primaryimage"},"image":{"@id":"https:\/\/www.mapia-technologies.com\/ca\/producte\/mapia-online#primaryimage"},"thumbnailUrl":"https:\/\/www.mapia-technologies.com\/wp-content\/uploads\/2024\/02\/mapia-online-license.jpg","datePublished":"2024-02-02T10:35:30+00:00","dateModified":"2024-04-16T12:00:47+00:00","breadcrumb":{"@id":"https:\/\/www.mapia-technologies.com\/ca\/producte\/mapia-online#breadcrumb"},"inLanguage":"ca","potentialAction":[{"@type":"ReadAction","target":["https:\/\/www.mapia-technologies.com\/ca\/producte\/mapia-online"]}]},{"@type":"ImageObject","inLanguage":"ca","@id":"https:\/\/www.mapia-technologies.com\/ca\/producte\/mapia-online#primaryimage","url":"https:\/\/www.mapia-technologies.com\/wp-content\/uploads\/2024\/02\/mapia-online-license.jpg","contentUrl":"https:\/\/www.mapia-technologies.com\/wp-content\/uploads\/2024\/02\/mapia-online-license.jpg","width":1000,"height":700},{"@type":"BreadcrumbList","@id":"https:\/\/www.mapia-technologies.com\/ca\/producte\/mapia-online#breadcrumb","itemListElement":[{"@type":"ListItem","position":1,"name":"Portada","item":"https:\/\/www.mapia-technologies.com\/ca"},{"@type":"ListItem","position":2,"name":"Botiga online","item":"https:\/\/www.mapia-technologies.com\/ca\/botiga-online"},{"@type":"ListItem","position":3,"name":"Mapia ONLINE"}]},{"@type":"WebSite","@id":"https:\/\/www.mapia-technologies.com\/ca#website","url":"https:\/\/www.mapia-technologies.com\/ca","name":"Mapia","description":"Plataforma tecnol\u00f3gica que optimiza y mejora todos los procesos vinculados a los datos geospaciales","publisher":{"@id":"https:\/\/www.mapia-technologies.com\/ca#organization"},"potentialAction":[{"@type":"SearchAction","target":{"@type":"EntryPoint","urlTemplate":"https:\/\/www.mapia-technologies.com\/ca?s={search_term_string}"},"query-input":{"@type":"PropertyValueSpecification","valueRequired":true,"valueName":"search_term_string"}}],"inLanguage":"ca"},{"@type":"Organization","@id":"https:\/\/www.mapia-technologies.com\/ca#organization","name":"Mapia","url":"https:\/\/www.mapia-technologies.com\/ca","logo":{"@type":"ImageObject","inLanguage":"ca","@id":"https:\/\/www.mapia-technologies.com\/ca#\/schema\/logo\/image\/","url":"https:\/\/www.mapia-technologies.com\/wp-content\/uploads\/2023\/06\/cropped-logo_mapia.png","contentUrl":"https:\/\/www.mapia-technologies.com\/wp-content\/uploads\/2023\/06\/cropped-logo_mapia.png","width":1655,"height":448,"caption":"Mapia"},"image":{"@id":"https:\/\/www.mapia-technologies.com\/ca#\/schema\/logo\/image\/"}}]}},"_links":{"self":[{"href":"https:\/\/www.mapia-technologies.com\/ca\/wp-json\/wp\/v2\/product\/4479","targetHints":{"allow":["GET"]}}],"collection":[{"href":"https:\/\/www.mapia-technologies.com\/ca\/wp-json\/wp\/v2\/product"}],"about":[{"href":"https:\/\/www.mapia-technologies.com\/ca\/wp-json\/wp\/v2\/types\/product"}],"replies":[{"embeddable":true,"href":"https:\/\/www.mapia-technologies.com\/ca\/wp-json\/wp\/v2\/comments?post=4479"}],"wp:featuredmedia":[{"embeddable":true,"href":"https:\/\/www.mapia-technologies.com\/ca\/wp-json\/wp\/v2\/media\/4645"}],"wp:attachment":[{"href":"https:\/\/www.mapia-technologies.com\/ca\/wp-json\/wp\/v2\/media?parent=4479"}],"wp:term":[{"taxonomy":"product_cat","embeddable":true,"href":"https:\/\/www.mapia-technologies.com\/ca\/wp-json\/wp\/v2\/product_cat?post=4479"},{"taxonomy":"product_tag","embeddable":true,"href":"https:\/\/www.mapia-technologies.com\/ca\/wp-json\/wp\/v2\/product_tag?post=4479"}],"curies":[{"name":"wp","href":"https:\/\/api.w.org\/{rel}","templated":true}]}}