{"id":4478,"date":"2024-02-02T11:33:15","date_gmt":"2024-02-02T10:33:15","guid":{"rendered":"https:\/\/www.mapia-technologies.com\/?post_type=product&#038;p=4478"},"modified":"2024-04-18T11:51:20","modified_gmt":"2024-04-18T09:51:20","slug":"mapia-streets-cloud","status":"publish","type":"product","link":"https:\/\/www.mapia-technologies.com\/ca\/producte\/mapia-streets-cloud","title":{"rendered":"Mapia STREETS Cloud"},"content":{"rendered":"<h2>Mapia<small>\u00ae<\/small>\u00a0<span style=\"color: #c40034;\">Streets<\/span><\/h2>\n<h5>Treballa amb n\u00favols de punts i panorames 360 on vulguis i quan vulguis<\/h5>\n<p>MapiaStreets\u00ae \u00e9s l&#8217;eina que permet a qualsevol usuari treballar de manera \u00e0gil i senzilla amb n\u00favols de punts i panorames 360 procedents d&#8217;aixecaments Mobile Mapping, LIDAR aeri o Laserscanner terrestre.<\/p>\n<p>Descobreix per qu\u00e8 moltes organitzacions ja s\u00f3n clients amb m\u00faltiples usuaris de MapiaStreets\u00ae.<\/p>\n<p><a href=\"\/ca\/mapia-streets\/\" class=\"wm-button size-medium button\">M\u00e9s informaci\u00f3<\/a><\/p>\n","protected":false},"excerpt":{"rendered":"<div class=\"entry-summary\">\n<div class=\"entry-summary\">\nLes dades es pengen al MapiaSTREETS d&#8217;INFRAPLAN. No inclou cap tipus de personalitzaci\u00f3, ni modificaci\u00f3 en el software.<\/p>\n<p>Puntualment pot oferir-se 1.500,00 \u20ac\/trimestre o 2.000,00 \u20ac\/semestre.\n<\/p>\n<\/div>\n<\/div>\n","protected":false},"featured_media":4636,"comment_status":"open","ping_status":"closed","template":"templates\/no-intro.php","meta":[],"product_cat":[173],"product_tag":[],"class_list":{"0":"post-4478","1":"product","2":"type-product","3":"status-publish","4":"has-post-thumbnail","6":"product_cat-llicencies-mapia","8":"first","9":"instock","10":"taxable","11":"shipping-taxable","12":"product-type-variable","13":"entry"},"yoast_head":"<!-- This site is optimized with the Yoast SEO plugin v24.0 - https:\/\/yoast.com\/wordpress\/plugins\/seo\/ -->\n<title>Mapia STREETS Cloud - Mapia<\/title>\n<meta name=\"robots\" content=\"index, follow, max-snippet:-1, max-image-preview:large, max-video-preview:-1\" \/>\n<link rel=\"canonical\" href=\"https:\/\/www.mapia-technologies.com\/ca\/producte\/mapia-streets-cloud\" \/>\n<meta property=\"og:locale\" content=\"ca_ES\" \/>\n<meta property=\"og:type\" content=\"article\" \/>\n<meta property=\"og:title\" content=\"Mapia STREETS Cloud - Mapia\" \/>\n<meta property=\"og:description\" content=\"Les dades es pengen al MapiaSTREETS d&#039;INFRAPLAN. No inclou cap tipus de personalitzaci\u00f3, ni modificaci\u00f3 en el software.  Puntualment pot oferir-se 1.500,00 \u20ac\/trimestre o 2.000,00 \u20ac\/semestre.\" \/>\n<meta property=\"og:url\" content=\"https:\/\/www.mapia-technologies.com\/ca\/producte\/mapia-streets-cloud\" \/>\n<meta property=\"og:site_name\" content=\"Mapia\" \/>\n<meta property=\"article:modified_time\" content=\"2024-04-18T09:51:20+00:00\" \/>\n<meta property=\"og:image\" content=\"https:\/\/www.mapia-technologies.com\/wp-content\/uploads\/2024\/01\/mapia-streets-license.jpg\" \/>\n\t<meta property=\"og:image:width\" content=\"1000\" \/>\n\t<meta property=\"og:image:height\" content=\"700\" \/>\n\t<meta property=\"og:image:type\" content=\"image\/jpeg\" \/>\n<meta name=\"twitter:card\" content=\"summary_large_image\" \/>\n<meta name=\"twitter:label1\" content=\"Temps estimat de lectura\" \/>\n\t<meta name=\"twitter:data1\" content=\"1 minut\" \/>\n<script type=\"application\/ld+json\" class=\"yoast-schema-graph\">{\"@context\":\"https:\/\/schema.org\",\"@graph\":[{\"@type\":\"WebPage\",\"@id\":\"https:\/\/www.mapia-technologies.com\/ca\/producte\/mapia-streets-cloud\",\"url\":\"https:\/\/www.mapia-technologies.com\/ca\/producte\/mapia-streets-cloud\",\"name\":\"Mapia STREETS Cloud - Mapia\",\"isPartOf\":{\"@id\":\"https:\/\/www.mapia-technologies.com\/ca#website\"},\"primaryImageOfPage\":{\"@id\":\"https:\/\/www.mapia-technologies.com\/ca\/producte\/mapia-streets-cloud#primaryimage\"},\"image\":{\"@id\":\"https:\/\/www.mapia-technologies.com\/ca\/producte\/mapia-streets-cloud#primaryimage\"},\"thumbnailUrl\":\"https:\/\/www.mapia-technologies.com\/wp-content\/uploads\/2024\/01\/mapia-streets-license.jpg\",\"datePublished\":\"2024-02-02T10:33:15+00:00\",\"dateModified\":\"2024-04-18T09:51:20+00:00\",\"breadcrumb\":{\"@id\":\"https:\/\/www.mapia-technologies.com\/ca\/producte\/mapia-streets-cloud#breadcrumb\"},\"inLanguage\":\"ca\",\"potentialAction\":[{\"@type\":\"ReadAction\",\"target\":[\"https:\/\/www.mapia-technologies.com\/ca\/producte\/mapia-streets-cloud\"]}]},{\"@type\":\"ImageObject\",\"inLanguage\":\"ca\",\"@id\":\"https:\/\/www.mapia-technologies.com\/ca\/producte\/mapia-streets-cloud#primaryimage\",\"url\":\"https:\/\/www.mapia-technologies.com\/wp-content\/uploads\/2024\/01\/mapia-streets-license.jpg\",\"contentUrl\":\"https:\/\/www.mapia-technologies.com\/wp-content\/uploads\/2024\/01\/mapia-streets-license.jpg\",\"width\":1000,\"height\":700},{\"@type\":\"BreadcrumbList\",\"@id\":\"https:\/\/www.mapia-technologies.com\/ca\/producte\/mapia-streets-cloud#breadcrumb\",\"itemListElement\":[{\"@type\":\"ListItem\",\"position\":1,\"name\":\"Portada\",\"item\":\"https:\/\/www.mapia-technologies.com\/ca\"},{\"@type\":\"ListItem\",\"position\":2,\"name\":\"Botiga online\",\"item\":\"https:\/\/www.mapia-technologies.com\/ca\/botiga-online\"},{\"@type\":\"ListItem\",\"position\":3,\"name\":\"Mapia STREETS Cloud\"}]},{\"@type\":\"WebSite\",\"@id\":\"https:\/\/www.mapia-technologies.com\/ca#website\",\"url\":\"https:\/\/www.mapia-technologies.com\/ca\",\"name\":\"Mapia\",\"description\":\"Plataforma tecnol\u00f3gica que optimiza y mejora todos los procesos vinculados a los datos geospaciales\",\"publisher\":{\"@id\":\"https:\/\/www.mapia-technologies.com\/ca#organization\"},\"potentialAction\":[{\"@type\":\"SearchAction\",\"target\":{\"@type\":\"EntryPoint\",\"urlTemplate\":\"https:\/\/www.mapia-technologies.com\/ca?s={search_term_string}\"},\"query-input\":{\"@type\":\"PropertyValueSpecification\",\"valueRequired\":true,\"valueName\":\"search_term_string\"}}],\"inLanguage\":\"ca\"},{\"@type\":\"Organization\",\"@id\":\"https:\/\/www.mapia-technologies.com\/ca#organization\",\"name\":\"Mapia\",\"url\":\"https:\/\/www.mapia-technologies.com\/ca\",\"logo\":{\"@type\":\"ImageObject\",\"inLanguage\":\"ca\",\"@id\":\"https:\/\/www.mapia-technologies.com\/ca#\/schema\/logo\/image\/\",\"url\":\"https:\/\/www.mapia-technologies.com\/wp-content\/uploads\/2023\/06\/cropped-logo_mapia.png\",\"contentUrl\":\"https:\/\/www.mapia-technologies.com\/wp-content\/uploads\/2023\/06\/cropped-logo_mapia.png\",\"width\":1655,\"height\":448,\"caption\":\"Mapia\"},\"image\":{\"@id\":\"https:\/\/www.mapia-technologies.com\/ca#\/schema\/logo\/image\/\"}}]}<\/script>\n<!-- \/ Yoast SEO plugin. -->","yoast_head_json":{"title":"Mapia STREETS Cloud - Mapia","robots":{"index":"index","follow":"follow","max-snippet":"max-snippet:-1","max-image-preview":"max-image-preview:large","max-video-preview":"max-video-preview:-1"},"canonical":"https:\/\/www.mapia-technologies.com\/ca\/producte\/mapia-streets-cloud","og_locale":"ca_ES","og_type":"article","og_title":"Mapia STREETS Cloud - Mapia","og_description":"Les dades es pengen al MapiaSTREETS d'INFRAPLAN. No inclou cap tipus de personalitzaci\u00f3, ni modificaci\u00f3 en el software.  Puntualment pot oferir-se 1.500,00 \u20ac\/trimestre o 2.000,00 \u20ac\/semestre.","og_url":"https:\/\/www.mapia-technologies.com\/ca\/producte\/mapia-streets-cloud","og_site_name":"Mapia","article_modified_time":"2024-04-18T09:51:20+00:00","og_image":[{"width":1000,"height":700,"url":"https:\/\/www.mapia-technologies.com\/wp-content\/uploads\/2024\/01\/mapia-streets-license.jpg","type":"image\/jpeg"}],"twitter_card":"summary_large_image","twitter_misc":{"Temps estimat de lectura":"1 minut"},"schema":{"@context":"https:\/\/schema.org","@graph":[{"@type":"WebPage","@id":"https:\/\/www.mapia-technologies.com\/ca\/producte\/mapia-streets-cloud","url":"https:\/\/www.mapia-technologies.com\/ca\/producte\/mapia-streets-cloud","name":"Mapia STREETS Cloud - Mapia","isPartOf":{"@id":"https:\/\/www.mapia-technologies.com\/ca#website"},"primaryImageOfPage":{"@id":"https:\/\/www.mapia-technologies.com\/ca\/producte\/mapia-streets-cloud#primaryimage"},"image":{"@id":"https:\/\/www.mapia-technologies.com\/ca\/producte\/mapia-streets-cloud#primaryimage"},"thumbnailUrl":"https:\/\/www.mapia-technologies.com\/wp-content\/uploads\/2024\/01\/mapia-streets-license.jpg","datePublished":"2024-02-02T10:33:15+00:00","dateModified":"2024-04-18T09:51:20+00:00","breadcrumb":{"@id":"https:\/\/www.mapia-technologies.com\/ca\/producte\/mapia-streets-cloud#breadcrumb"},"inLanguage":"ca","potentialAction":[{"@type":"ReadAction","target":["https:\/\/www.mapia-technologies.com\/ca\/producte\/mapia-streets-cloud"]}]},{"@type":"ImageObject","inLanguage":"ca","@id":"https:\/\/www.mapia-technologies.com\/ca\/producte\/mapia-streets-cloud#primaryimage","url":"https:\/\/www.mapia-technologies.com\/wp-content\/uploads\/2024\/01\/mapia-streets-license.jpg","contentUrl":"https:\/\/www.mapia-technologies.com\/wp-content\/uploads\/2024\/01\/mapia-streets-license.jpg","width":1000,"height":700},{"@type":"BreadcrumbList","@id":"https:\/\/www.mapia-technologies.com\/ca\/producte\/mapia-streets-cloud#breadcrumb","itemListElement":[{"@type":"ListItem","position":1,"name":"Portada","item":"https:\/\/www.mapia-technologies.com\/ca"},{"@type":"ListItem","position":2,"name":"Botiga online","item":"https:\/\/www.mapia-technologies.com\/ca\/botiga-online"},{"@type":"ListItem","position":3,"name":"Mapia STREETS Cloud"}]},{"@type":"WebSite","@id":"https:\/\/www.mapia-technologies.com\/ca#website","url":"https:\/\/www.mapia-technologies.com\/ca","name":"Mapia","description":"Plataforma tecnol\u00f3gica que optimiza y mejora todos los procesos vinculados a los datos geospaciales","publisher":{"@id":"https:\/\/www.mapia-technologies.com\/ca#organization"},"potentialAction":[{"@type":"SearchAction","target":{"@type":"EntryPoint","urlTemplate":"https:\/\/www.mapia-technologies.com\/ca?s={search_term_string}"},"query-input":{"@type":"PropertyValueSpecification","valueRequired":true,"valueName":"search_term_string"}}],"inLanguage":"ca"},{"@type":"Organization","@id":"https:\/\/www.mapia-technologies.com\/ca#organization","name":"Mapia","url":"https:\/\/www.mapia-technologies.com\/ca","logo":{"@type":"ImageObject","inLanguage":"ca","@id":"https:\/\/www.mapia-technologies.com\/ca#\/schema\/logo\/image\/","url":"https:\/\/www.mapia-technologies.com\/wp-content\/uploads\/2023\/06\/cropped-logo_mapia.png","contentUrl":"https:\/\/www.mapia-technologies.com\/wp-content\/uploads\/2023\/06\/cropped-logo_mapia.png","width":1655,"height":448,"caption":"Mapia"},"image":{"@id":"https:\/\/www.mapia-technologies.com\/ca#\/schema\/logo\/image\/"}}]}},"_links":{"self":[{"href":"https:\/\/www.mapia-technologies.com\/ca\/wp-json\/wp\/v2\/product\/4478","targetHints":{"allow":["GET"]}}],"collection":[{"href":"https:\/\/www.mapia-technologies.com\/ca\/wp-json\/wp\/v2\/product"}],"about":[{"href":"https:\/\/www.mapia-technologies.com\/ca\/wp-json\/wp\/v2\/types\/product"}],"replies":[{"embeddable":true,"href":"https:\/\/www.mapia-technologies.com\/ca\/wp-json\/wp\/v2\/comments?post=4478"}],"wp:featuredmedia":[{"embeddable":true,"href":"https:\/\/www.mapia-technologies.com\/ca\/wp-json\/wp\/v2\/media\/4636"}],"wp:attachment":[{"href":"https:\/\/www.mapia-technologies.com\/ca\/wp-json\/wp\/v2\/media?parent=4478"}],"wp:term":[{"taxonomy":"product_cat","embeddable":true,"href":"https:\/\/www.mapia-technologies.com\/ca\/wp-json\/wp\/v2\/product_cat?post=4478"},{"taxonomy":"product_tag","embeddable":true,"href":"https:\/\/www.mapia-technologies.com\/ca\/wp-json\/wp\/v2\/product_tag?post=4478"}],"curies":[{"name":"wp","href":"https:\/\/api.w.org\/{rel}","templated":true}]}}